{"id":4439,"date":"2021-10-12T16:27:24","date_gmt":"2021-10-12T16:27:24","guid":{"rendered":"http:\/\/dummy.xtemos.com\/woodmart2\/elementor\/?page_id=4439"},"modified":"2024-11-14T22:51:56","modified_gmt":"2024-11-14T14:51:56","slug":"contact-us","status":"publish","type":"page","link":"https:\/\/www.realtheone.com\/es\/contact-us\/","title":{"rendered":"P\u00f3ngase en contacto con nosotros"},"content":{"rendered":"<div data-elementor-type=\"wp-page\" data-elementor-id=\"4439\" class=\"elementor elementor-4439\">\n\t\t\t\t\t\t\t\t\t<section class=\"wd-negative-gap elementor-section elementor-top-section elementor-element elementor-element-3eae2951 wd-section-stretch-content elementor-section-boxed elementor-section-height-default elementor-section-height-default\" data-id=\"3eae2951\" data-element_type=\"section\">\n\t\t\t\t\t\t<div class=\"elementor-container elementor-column-gap-no\">\n\t\t\t\t\t<div class=\"elementor-column elementor-col-100 elementor-top-column elementor-element elementor-element-23fe8bcd\" data-id=\"23fe8bcd\" data-element_type=\"column\">\n\t\t\t<div class=\"elementor-widget-wrap elementor-element-populated\">\n\t\t\t\t\t\t\t\t<div class=\"elementor-element elementor-element-36096bd elementor-widget elementor-widget-wd_image_or_svg\" data-id=\"36096bd\" data-element_type=\"widget\" data-widget_type=\"wd_image_or_svg.default\">\n\t\t\t\t<div class=\"elementor-widget-container\">\n\t\t\t\n\t\t<div class=\"wd-image text-center\">\n\t\t\t\t\t\t\t\t<img loading=\"lazy\" decoding=\"async\" width=\"1102\" height=\"548\" src=\"https:\/\/www.realtheone.com\/wp-content\/uploads\/2023\/06\/112.web.svipwebs.com-contact-us.png\" class=\"attachment-full size-full\" alt=\"\" srcset=\"https:\/\/www.realtheone.com\/wp-content\/uploads\/2023\/06\/112.web.svipwebs.com-contact-us.png 1102w, https:\/\/www.realtheone.com\/wp-content\/uploads\/2023\/06\/112.web.svipwebs.com-contact-us-400x199.png 400w, https:\/\/www.realtheone.com\/wp-content\/uploads\/2023\/06\/112.web.svipwebs.com-contact-us-768x382.png 768w, https:\/\/www.realtheone.com\/wp-content\/uploads\/2023\/06\/112.web.svipwebs.com-contact-us-860x428.png 860w, https:\/\/www.realtheone.com\/wp-content\/uploads\/2023\/06\/112.web.svipwebs.com-contact-us-430x214.png 430w, https:\/\/www.realtheone.com\/wp-content\/uploads\/2023\/06\/112.web.svipwebs.com-contact-us-700x348.png 700w, https:\/\/www.realtheone.com\/wp-content\/uploads\/2023\/06\/112.web.svipwebs.com-contact-us-150x75.png 150w\" sizes=\"auto, (max-width: 1102px) 100vw, 1102px\" \/>\t\t\t\t\t<\/div>\n\n\t\t\t\t<\/div>\n\t\t\t\t<\/div>\n\t\t\t\t<div class=\"elementor-element elementor-element-aed4a90 wd-width-100 elementor-widget elementor-widget-wd_title\" data-id=\"aed4a90\" data-element_type=\"widget\" data-widget_type=\"wd_title.default\">\n\t\t\t\t<div class=\"elementor-widget-container\">\n\t\t\t\t\t<div class=\"title-wrapper wd-set-mb reset-last-child wd-title-color-default wd-title-style-default wd-title-size-default text-center\">\n\n\t\t\t\t\t\t\t\t\t\t\t<div class=\"title-subtitle subtitle-color-default subtitle-style-default wd-fontsize-xs\">\n\t\t\t\t\tYou can find us all around the world\t\t\t\t<\/div>\n\t\t\t\n\t\t\t<div class=\"liner-continer\">\n\t\t\t\t<h4 class=\"woodmart-title-container title wd-fontsize-l\"><\/h4> \n\t\t\t\t\t\t\t<\/div>\n\n\t\t\t\t\t<\/div>\n\t\t\t\t<\/div>\n\t\t\t\t<\/div>\n\t\t\t\t\t<\/div>\n\t\t<\/div>\n\t\t\t\t\t\t\t<\/div>\n\t\t<\/section>\n\t\t\t\t<section class=\"wd-negative-gap elementor-section elementor-top-section elementor-element elementor-element-1c9344a2 elementor-section-boxed elementor-section-height-default elementor-section-height-default\" data-id=\"1c9344a2\" data-element_type=\"section\">\n\t\t\t\t\t\t<div class=\"elementor-container elementor-column-gap-default\">\n\t\t\t\t\t<div class=\"elementor-column elementor-col-50 elementor-top-column elementor-element elementor-element-a4e7846\" data-id=\"a4e7846\" data-element_type=\"column\">\n\t\t\t<div class=\"elementor-widget-wrap elementor-element-populated\">\n\t\t\t\t\t\t\t\t<div class=\"elementor-element elementor-element-779d5db5 wd-width-100 elementor-widget elementor-widget-wd_title\" data-id=\"779d5db5\" data-element_type=\"widget\" data-widget_type=\"wd_title.default\">\n\t\t\t\t<div class=\"elementor-widget-container\">\n\t\t\t\t\t<div class=\"title-wrapper wd-set-mb reset-last-child wd-title-color-default wd-title-style-default wd-title-size-default text-left\">\n\n\t\t\t\t\t\t\t\t\t\t\t<div class=\"title-subtitle subtitle-color-default subtitle-style-default wd-fontsize-xs\">\n\t\t\t\t\tPREGUNTAS INFORMATIVAS\t\t\t\t<\/div>\n\t\t\t\n\t\t\t<div class=\"liner-continer\">\n\t\t\t\t<h4 class=\"woodmart-title-container title wd-fontsize-l\">PREGUNTAS M\u00c1S FRECUENTES<\/h4> \n\t\t\t\t\t\t\t<\/div>\n\n\t\t\t\t\t<\/div>\n\t\t\t\t<\/div>\n\t\t\t\t<\/div>\n\t\t\t\t<div class=\"elementor-element elementor-element-22ca346 elementor-widget elementor-widget-wd_accordion\" data-id=\"22ca346\" data-element_type=\"widget\" data-widget_type=\"wd_accordion.default\">\n\t\t\t\t<div class=\"elementor-widget-container\">\n\t\t\t\n\t\t<div class=\"wd-accordion wd-style-default wd-titles-left wd-opener-pos-right wd-opener-style-arrow\" data-state=\"first\">\n\t\t\t\t\t\t\t\n\t\t\t\t<div class=\"wd-accordion-item\">\n\t\t\t\t\t<div class=\"wd-accordion-title wd-active\" data-accordion-index=\"0\">\n\t\t\t\t\t\t<div class=\"wd-accordion-title-text\">\n\t\t\t\t\t\t\t\t\t\t\t\t\t\t<span>\n\t\t\t\t\t\t\t\t\u00bfRecibir\u00e9 el mismo producto que veo en la foto?\t\t\t\t\t\t\t<\/span>\n\t\t\t\t\t\t<\/div>\n\t\t\t\t\t\t<span class=\"wd-accordion-opener\"><\/span>\n\t\t\t\t\t<\/div>\n\n\t\t\t\t\t<div class=\"wd-accordion-content wd-entry-content wd-active\" data-accordion-index=\"0\">\n\t\t\t\t\t\t\t\t\t\t\t\t\t\n\t\t\t\t\t\t\t<p>Por supuesto. Nos aseguramos de que el producto que reciba sea lo m\u00e1s parecido posible a la imagen. Nuestro equipo trabaja diligentemente para representar con precisi\u00f3n nuestros productos a trav\u00e9s de im\u00e1genes de alta calidad. Sin embargo, tenga en cuenta que puede haber ligeras variaciones en el color o la apariencia debido a factores como la iluminaci\u00f3n o la configuraci\u00f3n de la pantalla. Nos esforzamos por ofrecer una experiencia excepcional al cliente y respaldamos la calidad de nuestros productos. Si tiene alguna duda al recibir su pedido, nuestro equipo de atenci\u00f3n al cliente est\u00e1 aqu\u00ed para ayudarle y resolver cualquier problema con prontitud. Su satisfacci\u00f3n es nuestra m\u00e1xima prioridad.<\/p>\n\t\t\t\t\t\t\t\t\t\t\t\t\t\t\t\t\t\t<\/div>\n\t\t\t\t<\/div>\n\t\t\t\t\t\t\t\n\t\t\t\t<div class=\"wd-accordion-item\">\n\t\t\t\t\t<div class=\"wd-accordion-title\" data-accordion-index=\"1\">\n\t\t\t\t\t\t<div class=\"wd-accordion-title-text\">\n\t\t\t\t\t\t\t\t\t\t\t\t\t\t<span>\n\t\t\t\t\t\t\t\t\u00bfC\u00f3mo puedo devolver un art\u00edculo?\t\t\t\t\t\t\t<\/span>\n\t\t\t\t\t\t<\/div>\n\t\t\t\t\t\t<span class=\"wd-accordion-opener\"><\/span>\n\t\t\t\t\t<\/div>\n\n\t\t\t\t\t<div class=\"wd-accordion-content wd-entry-content\" data-accordion-index=\"1\">\n\t\t\t\t\t\t\t\t\t\t\t\t\t\n\t\t\t\t\t\t\t<ol><li><p>Aseg\u00farese de que el art\u00edculo puede devolverse consultando nuestra pol\u00edtica de devoluciones en nuestro sitio web o en la documentaci\u00f3n facilitada con la compra.<\/p><\/li><li><p>Si el art\u00edculo cumple los requisitos, prep\u00e1relo para la devoluci\u00f3n volvi\u00e9ndolo a empaquetar en su embalaje original, incluidos los accesorios o etiquetas.<\/p><\/li><li><p>P\u00f3ngase en contacto con nuestro equipo de atenci\u00f3n al cliente por tel\u00e9fono o correo electr\u00f3nico e inf\u00f3rmeles de su intenci\u00f3n de devolver el art\u00edculo. Ellos le guiar\u00e1n a trav\u00e9s del procedimiento de devoluci\u00f3n espec\u00edfico y le proporcionar\u00e1n una autorizaci\u00f3n de devoluci\u00f3n, si es necesario.<\/p><\/li><li><p>Siga las instrucciones de nuestro equipo de atenci\u00f3n al cliente sobre el m\u00e9todo de env\u00edo y la direcci\u00f3n para la devoluci\u00f3n.<\/p><\/li><li><p>Una vez que recibamos el art\u00edculo devuelto y lo inspeccionemos para asegurarnos de que cumple los criterios de devoluci\u00f3n, tramitaremos su reembolso o cambio de acuerdo con nuestra pol\u00edtica de devoluciones.<\/p><\/li><li><p>Si tienes alguna pregunta o necesitas ayuda durante el proceso de devoluci\u00f3n, no dudes en ponerte en contacto con nuestro equipo de atenci\u00f3n al cliente. Estamos aqu\u00ed para ayudarte a que tu experiencia de devoluci\u00f3n sea lo m\u00e1s sencilla posible.<\/p><\/li><\/ol>\n\t\t\t\t\t\t\t\t\t\t\t\t\t\t\t\t\t\t<\/div>\n\t\t\t\t<\/div>\n\t\t\t\t\t\t\t\n\t\t\t\t<div class=\"wd-accordion-item\">\n\t\t\t\t\t<div class=\"wd-accordion-title\" data-accordion-index=\"2\">\n\t\t\t\t\t\t<div class=\"wd-accordion-title-text\">\n\t\t\t\t\t\t\t\t\t\t\t\t\t\t<span>\n\t\t\t\t\t\t\t\t\u00bfCu\u00e1ndo pueden enviar mi pedido?\t\t\t\t\t\t\t<\/span>\n\t\t\t\t\t\t<\/div>\n\t\t\t\t\t\t<span class=\"wd-accordion-opener\"><\/span>\n\t\t\t\t\t<\/div>\n\n\t\t\t\t\t<div class=\"wd-accordion-content wd-entry-content\" data-accordion-index=\"2\">\n\t\t\t\t\t\t\t\t\t\t\t\t\t\n\t\t\t\t\t\t\t<p>Nuestro objetivo es procesar y enviar los pedidos lo antes posible para garantizar una entrega puntual. El plazo de env\u00edo exacto puede depender de varios factores, como la disponibilidad del producto y el m\u00e9todo de env\u00edo elegido.Si a\u00fan no ha realizado un pedido y desea conocer el plazo de env\u00edo general, normalmente procesamos los pedidos en un plazo de 2 d\u00edas laborables. Una vez enviado su pedido, el plazo de entrega variar\u00e1 en funci\u00f3n de su ubicaci\u00f3n y del m\u00e9todo de env\u00edo seleccionado.<\/p><p>Tenga la seguridad de que valoramos su satisfacci\u00f3n y haremos todo lo posible para que reciba su pedido lo antes posible. Si tiene m\u00e1s preguntas o necesita ayuda, no dude en hac\u00e9rmelo saber.<\/p>\n\t\t\t\t\t\t\t\t\t\t\t\t\t\t\t\t\t\t<\/div>\n\t\t\t\t<\/div>\n\t\t\t\t\t<\/div>\n\t\t\t\t<\/div>\n\t\t\t\t<\/div>\n\t\t\t\t\t<\/div>\n\t\t<\/div>\n\t\t\t\t<div class=\"elementor-column elementor-col-50 elementor-top-column elementor-element elementor-element-41bec3dc\" data-id=\"41bec3dc\" data-element_type=\"column\">\n\t\t\t<div class=\"elementor-widget-wrap elementor-element-populated\">\n\t\t\t\t\t\t\t\t<div class=\"elementor-element elementor-element-88ca337 wd-width-100 elementor-widget elementor-widget-wd_title\" data-id=\"88ca337\" data-element_type=\"widget\" data-widget_type=\"wd_title.default\">\n\t\t\t\t<div class=\"elementor-widget-container\">\n\t\t\t\t\t<div class=\"title-wrapper wd-set-mb reset-last-child wd-title-color-default wd-title-style-default wd-title-size-default text-left\">\n\n\t\t\t\t\t\t\t\t\t\t\t<div class=\"title-subtitle subtitle-color-default subtitle-style-default wd-fontsize-xs\">\n\t\t\t\t\tINFORMACI\u00d3N SOBRE NOSOTROS\t\t\t\t<\/div>\n\t\t\t\n\t\t\t<div class=\"liner-continer\">\n\t\t\t\t<h4 class=\"woodmart-title-container title wd-fontsize-l\">P\u00d3NGASE EN CONTACTO CON NOSOTROS<\/h4> \n\t\t\t\t\t\t\t<\/div>\n\n\t\t\t\t\t<\/div>\n\t\t\t\t<\/div>\n\t\t\t\t<\/div>\n\t\t\t\t<div class=\"elementor-element elementor-element-5ce0072f elementor-widget elementor-widget-wd_contact_form_7\" data-id=\"5ce0072f\" data-element_type=\"widget\" data-widget_type=\"wd_contact_form_7.default\">\n\t\t\t\t<div class=\"elementor-widget-container\">\n\t\t\t\n<div class=\"wpcf7 no-js\" id=\"wpcf7-f14-o1\" lang=\"en-US\" dir=\"ltr\">\n<div class=\"screen-reader-response\"><p role=\"status\" aria-live=\"polite\" aria-atomic=\"true\"><\/p> <ul><\/ul><\/div>\n<form action=\"\/es\/wp-json\/wp\/v2\/pages\/4439#wpcf7-f14-o1\" method=\"post\" class=\"wpcf7-form init\" aria-label=\"Contact form\" novalidate=\"novalidate\" data-status=\"init\" data-trp-original-action=\"\/es\/wp-json\/wp\/v2\/pages\/4439#wpcf7-f14-o1\">\n<div style=\"display: none;\">\n<input type=\"hidden\" name=\"_wpcf7\" value=\"14\" \/>\n<input type=\"hidden\" name=\"_wpcf7_version\" value=\"5.7.7\" \/>\n<input type=\"hidden\" name=\"_wpcf7_locale\" value=\"en_US\" \/>\n<input type=\"hidden\" name=\"_wpcf7_unit_tag\" value=\"wpcf7-f14-o1\" \/>\n<input type=\"hidden\" name=\"_wpcf7_container_post\" value=\"0\" \/>\n<input type=\"hidden\" name=\"_wpcf7_posted_data_hash\" value=\"\" \/>\n<\/div>\n<p><label> Su nombre<br \/>\n<span class=\"wpcf7-form-control-wrap\" data-name=\"your-name\"><input size=\"40\" class=\"wpcf7-form-control wpcf7-text wpcf7-validates-as-required\" autocomplete=\"name\" aria-required=\"true\" aria-invalid=\"false\" value=\"\" type=\"text\" name=\"your-name\" \/><\/span> <\/label>\n<\/p>\n<p><label> Tu correo electr\u00f3nico<br \/>\n<span class=\"wpcf7-form-control-wrap\" data-name=\"your-email\"><input size=\"40\" class=\"wpcf7-form-control wpcf7-text wpcf7-email wpcf7-validates-as-required wpcf7-validates-as-email\" autocomplete=\"email\" aria-required=\"true\" aria-invalid=\"false\" value=\"\" type=\"email\" name=\"your-email\" \/><\/span> <\/label>\n<\/p>\n<p><label> Asunto<br \/>\n<span class=\"wpcf7-form-control-wrap\" data-name=\"your-subject\"><input size=\"40\" class=\"wpcf7-form-control wpcf7-text wpcf7-validates-as-required\" aria-required=\"true\" aria-invalid=\"false\" value=\"\" type=\"text\" name=\"your-subject\" \/><\/span> <\/label>\n<\/p>\n<p><label> Su mensaje (opcional)<br \/>\n<span class=\"wpcf7-form-control-wrap\" data-name=\"your-message\"><textarea cols=\"40\" rows=\"10\" class=\"wpcf7-form-control wpcf7-textarea\" aria-invalid=\"false\" name=\"your-message\"><\/textarea><\/span> <\/label>\n<\/p>\n<p><input class=\"wpcf7-form-control has-spinner wpcf7-submit\" type=\"submit\" value=\"Enviar\" \/>\n<\/p><div class=\"wpcf7-response-output\" aria-hidden=\"true\"><\/div>\n<input type=\"hidden\" name=\"trp-form-language\" value=\"es\"\/><\/form>\n<\/div>\n\t\t<\/div>\n\t\t\t\t<\/div>\n\t\t\t\t\t<\/div>\n\t\t<\/div>\n\t\t\t\t\t\t\t<\/div>\n\t\t<\/section>\n\t\t\t\t\t\t\t<\/div>","protected":false},"excerpt":{"rendered":"<p>You can find us all around the world INFORMATION QUESTIONS FREQUENTLY ASKED QUESTIONS Will I receive the same product that<\/p>","protected":false},"author":1,"featured_media":0,"parent":0,"menu_order":0,"comment_status":"closed","ping_status":"closed","template":"","meta":{"footnotes":""},"class_list":["post-4439","page","type-page","status-publish","hentry"],"acf":[],"yoast_head":"<!-- This site is optimized with the Yoast SEO plugin v24.0 - https:\/\/yoast.com\/wordpress\/plugins\/seo\/ -->\n<title>Contact us - Z-ONE-TECH<\/title>\n<meta name=\"robots\" content=\"index, follow, max-snippet:-1, max-image-preview:large, max-video-preview:-1\" \/>\n<link rel=\"canonical\" href=\"https:\/\/www.realtheone.com\/es\/contact-us\/\" \/>\n<meta property=\"og:locale\" content=\"es_ES\" \/>\n<meta property=\"og:type\" content=\"article\" \/>\n<meta property=\"og:title\" content=\"Contact us - Z-ONE-TECH\" \/>\n<meta property=\"og:description\" content=\"You can find us all around the world INFORMATION QUESTIONS FREQUENTLY ASKED QUESTIONS Will I receive the same product that\" \/>\n<meta property=\"og:url\" content=\"https:\/\/www.realtheone.com\/es\/contact-us\/\" \/>\n<meta property=\"og:site_name\" content=\"Z-ONE-TECH\" \/>\n<meta property=\"article:publisher\" content=\"https:\/\/www.facebook.com\/REALTHEONETECH\/\" \/>\n<meta property=\"article:modified_time\" content=\"2024-11-14T14:51:56+00:00\" \/>\n<meta property=\"og:image\" content=\"https:\/\/www.realtheone.com\/wp-content\/uploads\/2023\/06\/112.web.svipwebs.com-contact-us.png\" \/>\n<meta name=\"twitter:card\" content=\"summary_large_image\" \/>\n<meta name=\"twitter:site\" content=\"@ZONETECHUS\" \/>\n<meta name=\"twitter:label1\" content=\"Tiempo de lectura\" \/>\n\t<meta name=\"twitter:data1\" content=\"2 minutos\" \/>\n<script type=\"application\/ld+json\" class=\"yoast-schema-graph\">{\"@context\":\"https:\/\/schema.org\",\"@graph\":[{\"@type\":\"WebPage\",\"@id\":\"https:\/\/www.realtheone.com\/contact-us\/\",\"url\":\"https:\/\/www.realtheone.com\/contact-us\/\",\"name\":\"Contact us - Z-ONE-TECH\",\"isPartOf\":{\"@id\":\"https:\/\/www.realtheone.com\/#website\"},\"primaryImageOfPage\":{\"@id\":\"https:\/\/www.realtheone.com\/contact-us\/#primaryimage\"},\"image\":{\"@id\":\"https:\/\/www.realtheone.com\/contact-us\/#primaryimage\"},\"thumbnailUrl\":\"https:\/\/www.realtheone.com\/wp-content\/uploads\/2023\/06\/112.web.svipwebs.com-contact-us.png\",\"datePublished\":\"2021-10-12T16:27:24+00:00\",\"dateModified\":\"2024-11-14T14:51:56+00:00\",\"breadcrumb\":{\"@id\":\"https:\/\/www.realtheone.com\/contact-us\/#breadcrumb\"},\"inLanguage\":\"es\",\"potentialAction\":[{\"@type\":\"ReadAction\",\"target\":[\"https:\/\/www.realtheone.com\/contact-us\/\"]}]},{\"@type\":\"ImageObject\",\"inLanguage\":\"es\",\"@id\":\"https:\/\/www.realtheone.com\/contact-us\/#primaryimage\",\"url\":\"https:\/\/www.realtheone.com\/wp-content\/uploads\/2023\/06\/112.web.svipwebs.com-contact-us.png\",\"contentUrl\":\"https:\/\/www.realtheone.com\/wp-content\/uploads\/2023\/06\/112.web.svipwebs.com-contact-us.png\"},{\"@type\":\"BreadcrumbList\",\"@id\":\"https:\/\/www.realtheone.com\/contact-us\/#breadcrumb\",\"itemListElement\":[{\"@type\":\"ListItem\",\"position\":1,\"name\":\"\u9996\u9875\",\"item\":\"https:\/\/www.realtheone.com\/\"},{\"@type\":\"ListItem\",\"position\":2,\"name\":\"Contact us\"}]},{\"@type\":\"WebSite\",\"@id\":\"https:\/\/www.realtheone.com\/#website\",\"url\":\"https:\/\/www.realtheone.com\/\",\"name\":\"Z-ONE-TECH\",\"description\":\"\",\"publisher\":{\"@id\":\"https:\/\/www.realtheone.com\/#organization\"},\"potentialAction\":[{\"@type\":\"SearchAction\",\"target\":{\"@type\":\"EntryPoint\",\"urlTemplate\":\"https:\/\/www.realtheone.com\/?s={search_term_string}\"},\"query-input\":{\"@type\":\"PropertyValueSpecification\",\"valueRequired\":true,\"valueName\":\"search_term_string\"}}],\"inLanguage\":\"es\"},{\"@type\":\"Organization\",\"@id\":\"https:\/\/www.realtheone.com\/#organization\",\"name\":\"Z-ONE-TECH\",\"url\":\"https:\/\/www.realtheone.com\/\",\"logo\":{\"@type\":\"ImageObject\",\"inLanguage\":\"es\",\"@id\":\"https:\/\/www.realtheone.com\/#\/schema\/logo\/image\/\",\"url\":\"https:\/\/www.realtheone.com\/wp-content\/uploads\/2024\/11\/www.realtheone.com-cropped-www.realtheone.com-logo.png\",\"contentUrl\":\"https:\/\/www.realtheone.com\/wp-content\/uploads\/2024\/11\/www.realtheone.com-cropped-www.realtheone.com-logo.png\",\"width\":512,\"height\":512,\"caption\":\"Z-ONE-TECH\"},\"image\":{\"@id\":\"https:\/\/www.realtheone.com\/#\/schema\/logo\/image\/\"},\"sameAs\":[\"https:\/\/www.facebook.com\/REALTHEONETECH\/\",\"https:\/\/x.com\/ZONETECHUS\"]}]}<\/script>\n<!-- \/ Yoast SEO plugin. -->","yoast_head_json":{"title":"Contact us - Z-ONE-TECH","robots":{"index":"index","follow":"follow","max-snippet":"max-snippet:-1","max-image-preview":"max-image-preview:large","max-video-preview":"max-video-preview:-1"},"canonical":"https:\/\/www.realtheone.com\/es\/contact-us\/","og_locale":"es_ES","og_type":"article","og_title":"Contact us - Z-ONE-TECH","og_description":"You can find us all around the world INFORMATION QUESTIONS FREQUENTLY ASKED QUESTIONS Will I receive the same product that","og_url":"https:\/\/www.realtheone.com\/es\/contact-us\/","og_site_name":"Z-ONE-TECH","article_publisher":"https:\/\/www.facebook.com\/REALTHEONETECH\/","article_modified_time":"2024-11-14T14:51:56+00:00","og_image":[{"url":"https:\/\/www.realtheone.com\/wp-content\/uploads\/2023\/06\/112.web.svipwebs.com-contact-us.png","type":"","width":"","height":""}],"twitter_card":"summary_large_image","twitter_site":"@ZONETECHUS","twitter_misc":{"Tiempo de lectura":"2 minutos"},"schema":{"@context":"https:\/\/schema.org","@graph":[{"@type":"WebPage","@id":"https:\/\/www.realtheone.com\/contact-us\/","url":"https:\/\/www.realtheone.com\/contact-us\/","name":"Contact us - Z-ONE-TECH","isPartOf":{"@id":"https:\/\/www.realtheone.com\/#website"},"primaryImageOfPage":{"@id":"https:\/\/www.realtheone.com\/contact-us\/#primaryimage"},"image":{"@id":"https:\/\/www.realtheone.com\/contact-us\/#primaryimage"},"thumbnailUrl":"https:\/\/www.realtheone.com\/wp-content\/uploads\/2023\/06\/112.web.svipwebs.com-contact-us.png","datePublished":"2021-10-12T16:27:24+00:00","dateModified":"2024-11-14T14:51:56+00:00","breadcrumb":{"@id":"https:\/\/www.realtheone.com\/contact-us\/#breadcrumb"},"inLanguage":"es","potentialAction":[{"@type":"ReadAction","target":["https:\/\/www.realtheone.com\/contact-us\/"]}]},{"@type":"ImageObject","inLanguage":"es","@id":"https:\/\/www.realtheone.com\/contact-us\/#primaryimage","url":"https:\/\/www.realtheone.com\/wp-content\/uploads\/2023\/06\/112.web.svipwebs.com-contact-us.png","contentUrl":"https:\/\/www.realtheone.com\/wp-content\/uploads\/2023\/06\/112.web.svipwebs.com-contact-us.png"},{"@type":"BreadcrumbList","@id":"https:\/\/www.realtheone.com\/contact-us\/#breadcrumb","itemListElement":[{"@type":"ListItem","position":1,"name":"\u9996\u9875","item":"https:\/\/www.realtheone.com\/"},{"@type":"ListItem","position":2,"name":"Contact us"}]},{"@type":"WebSite","@id":"https:\/\/www.realtheone.com\/#website","url":"https:\/\/www.realtheone.com\/","name":"Z-ONE-TECH","description":"","publisher":{"@id":"https:\/\/www.realtheone.com\/#organization"},"potentialAction":[{"@type":"SearchAction","target":{"@type":"EntryPoint","urlTemplate":"https:\/\/www.realtheone.com\/?s={search_term_string}"},"query-input":{"@type":"PropertyValueSpecification","valueRequired":true,"valueName":"search_term_string"}}],"inLanguage":"es"},{"@type":"Organization","@id":"https:\/\/www.realtheone.com\/#organization","name":"Z-ONE-TECH","url":"https:\/\/www.realtheone.com\/","logo":{"@type":"ImageObject","inLanguage":"es","@id":"https:\/\/www.realtheone.com\/#\/schema\/logo\/image\/","url":"https:\/\/www.realtheone.com\/wp-content\/uploads\/2024\/11\/www.realtheone.com-cropped-www.realtheone.com-logo.png","contentUrl":"https:\/\/www.realtheone.com\/wp-content\/uploads\/2024\/11\/www.realtheone.com-cropped-www.realtheone.com-logo.png","width":512,"height":512,"caption":"Z-ONE-TECH"},"image":{"@id":"https:\/\/www.realtheone.com\/#\/schema\/logo\/image\/"},"sameAs":["https:\/\/www.facebook.com\/REALTHEONETECH\/","https:\/\/x.com\/ZONETECHUS"]}]}},"jetpack_sharing_enabled":true,"_links":{"self":[{"href":"https:\/\/www.realtheone.com\/es\/wp-json\/wp\/v2\/pages\/4439","targetHints":{"allow":["GET"]}}],"collection":[{"href":"https:\/\/www.realtheone.com\/es\/wp-json\/wp\/v2\/pages"}],"about":[{"href":"https:\/\/www.realtheone.com\/es\/wp-json\/wp\/v2\/types\/page"}],"author":[{"embeddable":true,"href":"https:\/\/www.realtheone.com\/es\/wp-json\/wp\/v2\/users\/1"}],"replies":[{"embeddable":true,"href":"https:\/\/www.realtheone.com\/es\/wp-json\/wp\/v2\/comments?post=4439"}],"version-history":[{"count":0,"href":"https:\/\/www.realtheone.com\/es\/wp-json\/wp\/v2\/pages\/4439\/revisions"}],"wp:attachment":[{"href":"https:\/\/www.realtheone.com\/es\/wp-json\/wp\/v2\/media?parent=4439"}],"curies":[{"name":"wp","href":"https:\/\/api.w.org\/{rel}","templated":true}]}}